{"id":183,"date":"2019-07-13T17:28:35","date_gmt":"2019-07-13T15:28:35","guid":{"rendered":"http:\/\/wordpress.meloton.de\/?page_id=183"},"modified":"2025-10-14T08:14:20","modified_gmt":"2025-10-14T06:14:20","slug":"credit-list","status":"publish","type":"page","link":"https:\/\/meloton.de\/?page_id=183","title":{"rendered":"credit list &#8211; excerpt"},"content":{"rendered":"<div id=\"pl-183\"  class=\"panel-layout\" ><div id=\"pg-183-0\"  class=\"panel-grid panel-no-style\" ><div id=\"pgc-183-0-0\"  class=\"panel-grid-cell\" ><div id=\"panel-183-0-0-0\" class=\"so-panel widget widget_text panel-first-child panel-last-child\" data-index=\"0\" >\t\t\t<div class=\"textwidget\"><ul type=\"disc\">\n<li><strong>Cliffhanger 2<\/strong> (cinema, USA\/France\/Germany\/Austria\/ Hungary) by Jaume Collet-Serra<\/li>\n<li><strong>Titan\u00a0<\/strong>(cinema, USA) by Mike P. Nelson<\/li>\n<li><strong>Welcome Home, Baby<\/strong> (cinema, Austria\/Germany) by Andreas Prochaska<\/li>\n<li><strong>Der Spitzname<\/strong> (cinema, Germany\/Austria) by S\u00f6nke Wortmann<\/li>\n<li><strong>Hagen\u00a0<\/strong>(cinema, Germany) by Cyrill Boss \/ Philipp Stennert<\/li>\n<li><strong>In the Lost Lands<\/strong> (cinema, USA\/Canada\/Germany) by Paul W.S. Anderson<\/li>\n<li><strong>Kafka<\/strong> (TV-Series, Austria\/Germany) by David Schalko<\/li>\n<li><strong>Rabia <\/strong>(cinema, France\/Germany) by Mareike Engelhardt<\/li>\n<li><strong>Perfect Addiction\u00a0<\/strong>(cinema, USA\/Germany) by Castille Landon<\/li>\n<li><strong>Alma &amp; Oskar<\/strong> (cinema, Germany\/Austria\/Switzerland\/Czechia) by Dieter Berner<\/li>\n<li><strong>Das Lehrerzimmer<\/strong> (cinema, Germany) by Ilker \u00c7atak\u00a0<strong>&#8211; 5 wins out of 7 nominations for German Film Award<\/strong><\/li>\n<li><strong>Der Pass <\/strong>season 1-3 (TV-Series, Germany\/Austria) by Cyrill Boss &amp; Philipp Stennert &#8211; <strong>Romy Austria, <\/strong><strong>Golden Camera, German TV Award for best Sound Design, &#8230;<\/strong><\/li>\n<li><strong>Das Privileg<\/strong> (Netflix, Germany) by Felix Fuchssteiner &amp; Katharina Sch\u00f6de<\/li>\n<li><strong>Oskars Kleid<\/strong> (cinema, Germany) by H\u00fcseyin Tabak \/ Florian David Fitz &#8211; <strong>Bavarian Film Award<\/strong><\/li>\n<li><strong>Happy Family 2\u00a0<\/strong>(cinema, Germany) by Holger Tappe<\/li>\n<li><strong>Moonbound<\/strong>\u00a0(cinema, Germany\/Austria) by Ali Samadi Ahadi<\/li>\n<li><strong>Die Rettung der uns bekannten Welt<\/strong> (cinema, Germany) by Til Schweiger<\/li>\n<li><strong>Willkommen in Siegheilkirchen<\/strong> (cinema, Germany \/ Austria) by Marcus H. Rosenm\u00fcller<\/li>\n<li><strong>Ich und die anderen<\/strong> by David Schalko &#8211; <strong>Romy Award Austria<\/strong><\/li>\n<li><strong>Tribes of Europa<\/strong> (Netflix, Germany) by Philip Koch<\/li>\n<li><strong>Dark<\/strong> Season III (Netflix, Germany) by Baran bo Odar<\/li>\n<li><strong>Der Boandlkramer und die ewige Liebe<\/strong> (cinema\/Amazon Prime, Germany) by Joseph Vilsmaier &#8211; <strong>Bavarian Film Award<\/strong><\/li>\n<li><strong>Jim Knopf und die wilde 13<\/strong> (cinema, Germany) by Dennis Gansel &#8211; <strong>Bavarian Film Award<\/strong><\/li>\n<li><strong>Drachenreiter<\/strong> (cinema, Germany) by Tomer Eshed<\/li>\n<li><strong>Resistance <\/strong>(cinema, Germany\/USA\/GB) by Jonathan Jakubowicz<\/li>\n<li><strong>Never Look Away<\/strong> (cinema, Germany) by F. H. v. Donnersmarck &#8211; <strong> 2 Oscar nominations, Bavarian Film Award, <\/strong><strong>nominated for Golden Reel Award for outstanding achievment in sound editing<\/strong><\/li>\n<li><strong>Head Full of Honey<\/strong> (cinema, Germany\/USA) by Til Schweiger<\/li>\n<li><strong>Maik\u00e4fer flieg <\/strong>(cinema, Austria) by Mirjam Unger &#8211;\u00a0<strong>Austrian Film Award for best sound<\/strong><\/li>\n<li><strong>Jim Knopf<\/strong> (cinema, Germany) by Dennis Gansel &#8211;\u00a0<strong>Bavarian Film Award<\/strong><\/li>\n<li><strong>Timm Thaler<\/strong> (cinema, Germany) by Andreas Dresen<\/li>\n<li><strong>Dieses bescheuerte Herz<\/strong> (cinema, Germany) by Marc Rothemund<\/li>\n<li><strong>Klassentreffen<\/strong> (cinema, Germany) by Til Schweiger<\/li>\n<li><strong>Biene Maja 2+3<\/strong> (cinema, Germany\/Australia) by Noel Cleary<\/li>\n<li><strong>Die Andere Heimat<\/strong> (cinema, Germany) by Edgar Reitz &#8211; <strong>German Film Award in 3 Categories<\/strong><\/li>\n<li><strong>Elser<\/strong> (cinema, Germany) by Oliver Hirschbiegel &#8211; <strong>Bavarian Film Award<\/strong>\u00a0&amp; <strong>7 nominations for German Film Award<\/strong><\/li>\n<li><strong>Maik\u00e4fer flieg<\/strong> (cinema, Austria) by Mirjam Unger &#8211; <strong>Austrian Film Award for best sound<\/strong><\/li>\n<li><strong>Fack ju G\u00f6hte 1+2+3<\/strong> (cinema, Germany) by Bora Dagtekin<\/li>\n<li><strong>Northmen<\/strong> (cinema, Germany \/ Switzerland) by Claudio J\u00e4h &#8211; <strong>Golden Bobby Award &#8211; best sound for picture<\/strong><\/li>\n<li><strong>Die Wand<\/strong> (cinema, Germany \/ Austria) by Julian P\u00f6lsler \u00a0&#8211; <strong>German Film Award for best sound<\/strong><\/li>\n<li><strong>Gothic 4<\/strong> (Game Sound Design, Germany)<\/li>\n<li><strong>Muhammad<\/strong>\u00a0(cinema, Iran) by Majid Majidi- Biggest Iranian film production ever<\/li>\n<li><strong>Mein Blind Date mit dem Leben<\/strong> (cinema, Germany) by Marc Rothemund<\/li>\n<li><strong>Abschussfahrt<\/strong> (cinema, Germany) by Tim Trachte<\/li>\n<li><strong>Casanova Variations<\/strong> (cinema, Germany \/ Austria \/ France) by Michael Sturminger<\/li>\n<li><strong>De Heineken Ontvoering<\/strong> (cinema, Netherlands) by Maarten Treurniet- <strong>3 Golden Calfs &#8211; nom. for best sound design<\/strong><\/li>\n<li><strong>T\u00fcrkisch f\u00fcr Anf\u00e4nger<\/strong> (cinema, Germany) by Bora Dagtekin &#8211;\u00a0<strong>Bavarian Film Award<\/strong><\/li>\n<li><strong>New Kids<\/strong> (cinema, Netherlands) by Steffen Haars \/ Flip van der Kuil- most successful Dutch movie, <strong>Diamond film<\/strong><\/li>\n<li><strong>R U There<\/strong> (cinema, Netherlands) by David Verbeek &#8211; <strong>Golden Calf &#8211; best sound design<\/strong><\/li>\n<li><strong>Alles is liefde<\/strong> (cinema, Netherlands) by Joram L\u00fcrsen- <strong>Golden Calf &#8211; best film<\/strong><\/li>\n<li><strong>Revanche<\/strong> (cinema, Austria) by G\u00f6tz Spielmann &#8211; <strong>Oscar Nomination &#8211; best foreign language film<\/strong><\/li>\n<li><strong>Mein Name ist Eugen<\/strong> (cinema, Switzerland) by Michael Steiner &#8211; <strong>Swiss Film Award &#8211; best movie<\/strong><\/li>\n<li><strong>Vitus<\/strong> (cinema, Switzerland) by Fredi Murer &#8211; <strong>Swiss Film Award &#8211; best movie<\/strong><\/li>\n<li><strong>Valentin<\/strong> (cinema, Argentina, Netherlands, France, Spain, Italy) by Alejandro Agresti &#8211; <strong>Golden Calf and many more international awards<\/strong><\/li>\n<li><strong>Nirgendwo in Afrika<\/strong> (cinema, Germany) by Caroline Link &#8211; <strong>Oscar &#8211; best foreign language film<\/strong><\/li>\n<li><strong>Quiero Ser<\/strong> (cinema, Mexico) by Florian Gallenberger &#8211; <strong>Oscar &#8211; best short film<\/strong><\/li>\n<li><strong>Karakter<\/strong> (cinema, Netherlands) by Mike van Diem &#8211; <strong>Oscar &#8211; best foreign language film<\/strong><\/li>\n<li><strong>Sisi<\/strong> (TV Series, Germany)<\/li>\n<li><strong>Das Duo<\/strong> (TV series, Germany)<\/li>\n<li><strong>Komissarin Lucas<\/strong> (TV series, Germany)<\/li>\n<li><strong>SOKO Wien \/ SOKO Donau<\/strong> (TV series, Austria)<\/li>\n<li><strong>many, many more movies, TV series and documentaries&#8230;<\/strong><\/li>\n<\/ul>\n<\/div>\n\t\t<\/div><\/div><\/div><\/div>","protected":false},"excerpt":{"rendered":"<p>Cliffhanger 2 (cinema, USA\/France\/Germany\/Austria\/ Hungary) by Jaume Collet-Serra Titan\u00a0(cinema, USA) by Mike P. Nelson Welcome Home, Baby (cinema, Austria\/Germany) by Andreas Prochaska Der Spitzname (cinema, Germany\/Austria) by S\u00f6nke Wortmann Hagen\u00a0(cinema, Germany) by Cyrill Boss \/ Philipp Stennert In the Lost Lands (cinema, USA\/Canada\/Germany) by Paul W.S. Anderson Kafka (TV-Series, Austria\/Germany) by David Schalko Rabia (cinema,&hellip;<\/p>\n","protected":false},"author":1,"featured_media":0,"parent":0,"menu_order":0,"comment_status":"closed","ping_status":"closed","template":"","meta":{"footnotes":""},"class_list":["post-183","page","type-page","status-publish","hentry","post"],"yoast_head":"<!-- This site is optimized with the Yoast SEO plugin v20.12 - https:\/\/yoast.com\/wordpress\/plugins\/seo\/ -->\n<title>credit list - excerpt - Meloton<\/title>\n<meta name=\"robots\" content=\"index, follow, max-snippet:-1, max-image-preview:large, max-video-preview:-1\" \/>\n<link rel=\"canonical\" href=\"https:\/\/meloton.de\/?page_id=183\" \/>\n<meta property=\"og:locale\" content=\"de_DE\" \/>\n<meta property=\"og:type\" content=\"article\" \/>\n<meta property=\"og:title\" content=\"credit list - excerpt - Meloton\" \/>\n<meta property=\"og:description\" content=\"Cliffhanger 2 (cinema, USA\/France\/Germany\/Austria\/ Hungary) by Jaume Collet-Serra Titan\u00a0(cinema, USA) by Mike P. Nelson Welcome Home, Baby (cinema, Austria\/Germany) by Andreas Prochaska Der Spitzname (cinema, Germany\/Austria) by S\u00f6nke Wortmann Hagen\u00a0(cinema, Germany) by Cyrill Boss \/ Philipp Stennert In the Lost Lands (cinema, USA\/Canada\/Germany) by Paul W.S. Anderson Kafka (TV-Series, Austria\/Germany) by David Schalko Rabia (cinema,&hellip;\" \/>\n<meta property=\"og:url\" content=\"https:\/\/meloton.de\/?page_id=183\" \/>\n<meta property=\"og:site_name\" content=\"Meloton\" \/>\n<meta property=\"article:publisher\" content=\"https:\/\/www.facebook.com\/MelotonSoundEffects\/\" \/>\n<meta property=\"article:modified_time\" content=\"2025-10-14T06:14:20+00:00\" \/>\n<meta name=\"twitter:card\" content=\"summary_large_image\" \/>\n<meta name=\"twitter:label1\" content=\"Gesch\u00e4tzte Lesezeit\" \/>\n\t<meta name=\"twitter:data1\" content=\"4\u00a0Minuten\" \/>\n<script type=\"application\/ld+json\" class=\"yoast-schema-graph\">{\"@context\":\"https:\/\/schema.org\",\"@graph\":[{\"@type\":\"WebPage\",\"@id\":\"https:\/\/meloton.de\/?page_id=183\",\"url\":\"https:\/\/meloton.de\/?page_id=183\",\"name\":\"credit list - excerpt - Meloton\",\"isPartOf\":{\"@id\":\"https:\/\/meloton.de\/#website\"},\"datePublished\":\"2019-07-13T15:28:35+00:00\",\"dateModified\":\"2025-10-14T06:14:20+00:00\",\"breadcrumb\":{\"@id\":\"https:\/\/meloton.de\/?page_id=183#breadcrumb\"},\"inLanguage\":\"de\",\"potentialAction\":[{\"@type\":\"ReadAction\",\"target\":[\"https:\/\/meloton.de\/?page_id=183\"]}]},{\"@type\":\"BreadcrumbList\",\"@id\":\"https:\/\/meloton.de\/?page_id=183#breadcrumb\",\"itemListElement\":[{\"@type\":\"ListItem\",\"position\":1,\"name\":\"Startseite\",\"item\":\"https:\/\/meloton.de\/\"},{\"@type\":\"ListItem\",\"position\":2,\"name\":\"credit list &#8211; excerpt\"}]},{\"@type\":\"WebSite\",\"@id\":\"https:\/\/meloton.de\/#website\",\"url\":\"https:\/\/meloton.de\/\",\"name\":\"Meloton\",\"description\":\"Normann B\u00fcttner - finest Foley\",\"publisher\":{\"@id\":\"https:\/\/meloton.de\/#organization\"},\"potentialAction\":[{\"@type\":\"SearchAction\",\"target\":{\"@type\":\"EntryPoint\",\"urlTemplate\":\"https:\/\/meloton.de\/?s={search_term_string}\"},\"query-input\":\"required name=search_term_string\"}],\"inLanguage\":\"de\"},{\"@type\":\"Organization\",\"@id\":\"https:\/\/meloton.de\/#organization\",\"name\":\"Meloton Sound Effects\",\"url\":\"https:\/\/meloton.de\/\",\"logo\":{\"@type\":\"ImageObject\",\"inLanguage\":\"de\",\"@id\":\"https:\/\/meloton.de\/#\/schema\/logo\/image\/\",\"url\":\"https:\/\/meloton.de\/wp-content\/uploads\/2019\/07\/meloton-logo-stern-final-neu-skaliert_transparent-1.png\",\"contentUrl\":\"https:\/\/meloton.de\/wp-content\/uploads\/2019\/07\/meloton-logo-stern-final-neu-skaliert_transparent-1.png\",\"width\":1152,\"height\":1132,\"caption\":\"Meloton Sound Effects\"},\"image\":{\"@id\":\"https:\/\/meloton.de\/#\/schema\/logo\/image\/\"},\"sameAs\":[\"https:\/\/www.facebook.com\/MelotonSoundEffects\/\",\"https:\/\/www.linkedin.com\/company\/1712582\"]}]}<\/script>\n<!-- \/ Yoast SEO plugin. -->","yoast_head_json":{"title":"credit list - excerpt - Meloton","robots":{"index":"index","follow":"follow","max-snippet":"max-snippet:-1","max-image-preview":"max-image-preview:large","max-video-preview":"max-video-preview:-1"},"canonical":"https:\/\/meloton.de\/?page_id=183","og_locale":"de_DE","og_type":"article","og_title":"credit list - excerpt - Meloton","og_description":"Cliffhanger 2 (cinema, USA\/France\/Germany\/Austria\/ Hungary) by Jaume Collet-Serra Titan\u00a0(cinema, USA) by Mike P. Nelson Welcome Home, Baby (cinema, Austria\/Germany) by Andreas Prochaska Der Spitzname (cinema, Germany\/Austria) by S\u00f6nke Wortmann Hagen\u00a0(cinema, Germany) by Cyrill Boss \/ Philipp Stennert In the Lost Lands (cinema, USA\/Canada\/Germany) by Paul W.S. Anderson Kafka (TV-Series, Austria\/Germany) by David Schalko Rabia (cinema,&hellip;","og_url":"https:\/\/meloton.de\/?page_id=183","og_site_name":"Meloton","article_publisher":"https:\/\/www.facebook.com\/MelotonSoundEffects\/","article_modified_time":"2025-10-14T06:14:20+00:00","twitter_card":"summary_large_image","twitter_misc":{"Gesch\u00e4tzte Lesezeit":"4\u00a0Minuten"},"schema":{"@context":"https:\/\/schema.org","@graph":[{"@type":"WebPage","@id":"https:\/\/meloton.de\/?page_id=183","url":"https:\/\/meloton.de\/?page_id=183","name":"credit list - excerpt - Meloton","isPartOf":{"@id":"https:\/\/meloton.de\/#website"},"datePublished":"2019-07-13T15:28:35+00:00","dateModified":"2025-10-14T06:14:20+00:00","breadcrumb":{"@id":"https:\/\/meloton.de\/?page_id=183#breadcrumb"},"inLanguage":"de","potentialAction":[{"@type":"ReadAction","target":["https:\/\/meloton.de\/?page_id=183"]}]},{"@type":"BreadcrumbList","@id":"https:\/\/meloton.de\/?page_id=183#breadcrumb","itemListElement":[{"@type":"ListItem","position":1,"name":"Startseite","item":"https:\/\/meloton.de\/"},{"@type":"ListItem","position":2,"name":"credit list &#8211; excerpt"}]},{"@type":"WebSite","@id":"https:\/\/meloton.de\/#website","url":"https:\/\/meloton.de\/","name":"Meloton","description":"Normann B\u00fcttner - finest Foley","publisher":{"@id":"https:\/\/meloton.de\/#organization"},"potentialAction":[{"@type":"SearchAction","target":{"@type":"EntryPoint","urlTemplate":"https:\/\/meloton.de\/?s={search_term_string}"},"query-input":"required name=search_term_string"}],"inLanguage":"de"},{"@type":"Organization","@id":"https:\/\/meloton.de\/#organization","name":"Meloton Sound Effects","url":"https:\/\/meloton.de\/","logo":{"@type":"ImageObject","inLanguage":"de","@id":"https:\/\/meloton.de\/#\/schema\/logo\/image\/","url":"https:\/\/meloton.de\/wp-content\/uploads\/2019\/07\/meloton-logo-stern-final-neu-skaliert_transparent-1.png","contentUrl":"https:\/\/meloton.de\/wp-content\/uploads\/2019\/07\/meloton-logo-stern-final-neu-skaliert_transparent-1.png","width":1152,"height":1132,"caption":"Meloton Sound Effects"},"image":{"@id":"https:\/\/meloton.de\/#\/schema\/logo\/image\/"},"sameAs":["https:\/\/www.facebook.com\/MelotonSoundEffects\/","https:\/\/www.linkedin.com\/company\/1712582"]}]}},"_links":{"self":[{"href":"https:\/\/meloton.de\/index.php?rest_route=\/wp\/v2\/pages\/183","targetHints":{"allow":["GET"]}}],"collection":[{"href":"https:\/\/meloton.de\/index.php?rest_route=\/wp\/v2\/pages"}],"about":[{"href":"https:\/\/meloton.de\/index.php?rest_route=\/wp\/v2\/types\/page"}],"author":[{"embeddable":true,"href":"https:\/\/meloton.de\/index.php?rest_route=\/wp\/v2\/users\/1"}],"replies":[{"embeddable":true,"href":"https:\/\/meloton.de\/index.php?rest_route=%2Fwp%2Fv2%2Fcomments&post=183"}],"version-history":[{"count":44,"href":"https:\/\/meloton.de\/index.php?rest_route=\/wp\/v2\/pages\/183\/revisions"}],"predecessor-version":[{"id":401,"href":"https:\/\/meloton.de\/index.php?rest_route=\/wp\/v2\/pages\/183\/revisions\/401"}],"wp:attachment":[{"href":"https:\/\/meloton.de\/index.php?rest_route=%2Fwp%2Fv2%2Fmedia&parent=183"}],"curies":[{"name":"wp","href":"https:\/\/api.w.org\/{rel}","templated":true}]}}